{"id":8,"date":"2013-01-29T20:23:23","date_gmt":"2013-01-29T18:23:23","guid":{"rendered":"http:\/\/www.lion-of-judah.eu\/sm\/?page_id=4"},"modified":"2026-01-25T11:30:00","modified_gmt":"2026-01-25T10:30:00","slug":"senior-ministries","status":"publish","type":"page","link":"https:\/\/senioren.lion-of-judah.net\/","title":{"rendered":"Senioren"},"content":{"rendered":"<p>\u00c4lter werdende Frauen\u00a0und M\u00e4nner sind nicht unber\u00fchrt geblieben von den Umbr\u00fcchen unserer (post-) modernen Zeit mit ihrer Tendenz zu Pluralit\u00e4t, S\u00e4kularit\u00e4t und Individualit\u00e4t. Sie sind durch die politischen Wirrungen und kulturellen Br\u00fcche des 20. Jahrhunderts hindurch gegangen und haben gelernt, vieles, was noch in ihrer Kindheit selbstverst\u00e4ndlich zu sein schien, in Frage zu stellen. Zum anderen webt jede pers\u00f6nliche Lebenserfahrung weiter am Netz vorhandener und neuer Glaubensmuster. Das Leben h\u00e4lt \u2013 gerade f\u00fcr \u00e4ltere und zum Teil pflegebed\u00fcrftige Menschen \u2013 Herausforderungen bereit, die\u00a0Antworten verlangen. Die Freiheit, sich zu <b>JESUS<\/b> zu bekennen, kennt keine Altersgrenzen.<\/p>\n<p>Und daf\u00fcr sind wir da! F\u00fcr unsere Senioren, welche in Ihrem Leben so viel erlebt und erlitten haben, welche sich vielleicht einsam und verlassen vorkommen. Welche Angst vor dem &#8222;Danach&#8220; haben&#8230;.oder welche einfach Fragen haben.<\/p>\n<p>F\u00fcr unsere Gesellschaft scheint Ihr zu einer Last zu werden &#8211; aber vor Gott seid Ihr <strong>genauso <em>wertvoll<\/em> <\/strong>wie jeder junge Mensch der noch im Arbeitsleben steht. Im Gegenteil, wenn Eure Generation ebenso egoistisch und auf &#8222;Selbstverwirklichung&#8220; aus gewesen w\u00e4re wie die meisten heutzutage &#8211; nur Gott wei\u00df wer von uns \u00fcberhaupt in dieser Welt w\u00e4re!<\/p>\n<p>Die alten Menschen von denen die Bibel berichtet, sind ebenso wenig \u00fcber einen Kamm zu scheren wie die heutigen. Weder garantiert das biblische Alter Weisheit, noch sind zwangsl\u00e4ufig Verwirrtheit und Starrsinn damit verbunden. Nur eines ist sicher: \u201eGott schuf den Menschen zu seinem Bilde, zum Bilde Gottes schuf er ihn; und er schuf sie als Mann und Frau\u201c (1. Mose 1,27). Diese N\u00e4he zum Sch\u00f6pfer wird durch das Alter nicht aufgehoben.<\/p>\n<p><em><strong>Egal<\/strong><\/em> was Ihr in eueren Leben getan habt, wenn Ihr euch von ganzen Herzen zu Jesus als dem Herrn bekennt und eure S\u00fcnden bereut, wird Gott diese vergeben und euch als seine Kinder zu sich nehmen. Das zeigt uns zum Beispiel der Brief von Paulus an die R\u00f6mer:<\/p>\n<table border=\"0\" width=\"100%\" cellpadding=\"0\">\n<tbody>\n<tr>\n<td><\/td>\n<td><b>Mit Gott vers\u00f6hnt<\/b><\/td>\n<\/tr>\n<tr>\n<td valign=\"top\">1<\/td>\n<td>Nachdem \u00a0 wir durch den Glauben von unserer Schuld freigesprochen sind, haben wir Frieden \u00a0 mit Gott durch unseren Herrn\u00a0<a title=\"Click to Continue &gt; by Deals Plugin Extension\" href=\"http:\/\/www.combib.de\/bibel\/lb\/roem5.html\" target=\"_blank\" rel=\"noopener\">Jesus<\/a>\u00a0Christus.<\/td>\n<\/tr>\n<tr>\n<td valign=\"top\">2<\/td>\n<td>Wir \u00a0 k\u00f6nnen ihm vertrauen, er hat uns die T\u00fcr zu diesem neuen Leben ge\u00f6ffnet. Im \u00a0 Vertrauen haben wir dieses Geschenk angenommen. Und mehr noch: Wir werden einmal an Gottes Herrlichkeit teilhaben. Diese Hoffnung erf\u00fcllt uns mit Freude und Stolz.<\/td>\n<\/tr>\n<tr>\n<td valign=\"top\">3<\/td>\n<td>Doch nicht nur daf\u00fcr sind wir dankbar. Wir danken Gott auch f\u00fcr die Leiden, die wir wegen unseres Glaubens auf uns nehmen m\u00fcssen. Denn\u00a0<a title=\"Click to Continue &gt; by Deals Plugin Extension\" href=\"http:\/\/www.combib.de\/bibel\/lb\/roem5.html\" target=\"_blank\" rel=\"noopener\">Leid<\/a>\u00a0macht geduldig,<\/td>\n<\/tr>\n<tr>\n<td valign=\"top\">4<\/td>\n<td>Geduld aber vertieft und festigt unseren Glauben, und das wiederum gibt uns Hoffnung.<\/td>\n<\/tr>\n<tr>\n<td valign=\"top\">5<\/td>\n<td>Und \u00a0 diese Hoffnung geht nicht ins Leere. Denn uns ist der Heilige Geist geschenkt, und durch ihn hat Gott unsere Herzen mit seiner\u00a0<a title=\"Click to Continue &gt; by Deals Plugin Extension\" href=\"http:\/\/www.combib.de\/bibel\/lb\/roem5.html\" target=\"_blank\" rel=\"noopener\">Liebe<\/a>\u00a0erf\u00fcllt.<\/td>\n<\/tr>\n<tr>\n<td valign=\"top\">6<\/td>\n<td>Schon damals, als wir noch hilflos der S\u00fcnde ausgeliefert waren, ist Christus zur rechten Zeit f\u00fcr uns gottlose Menschen gestorben.<\/td>\n<\/tr>\n<tr>\n<td valign=\"top\">7<\/td>\n<td>Kaum \u00a0 jemand von uns w\u00fcrde f\u00fcr einen anderen Menschen sterben, selbst wenn er \u00a0 schuldlos w\u00e4re. Es mag ja vorkommen, dass einer sein Leben f\u00fcr einen ganz \u00a0 besonders g\u00fctigen Menschen opfert.<\/td>\n<\/tr>\n<tr>\n<td valign=\"top\">8<\/td>\n<td>Gott \u00a0 aber hat uns seine gro\u00dfe Liebe gerade dadurch bewiesen, dass Christus f\u00fcr uns \u00a0 starb, als wir noch S\u00fcnder waren.<\/td>\n<\/tr>\n<tr>\n<td valign=\"top\">9<\/td>\n<td>Wenn \u00a0 wir jetzt von Gott angenommen sind, weil Jesus sein Blut f\u00fcr uns vergossen \u00a0 hat, dann werden wir erst recht am kommenden Gerichtstag vor Gottes Zorn \u00a0 gerettet.<\/td>\n<\/tr>\n<tr>\n<td valign=\"top\">10<\/td>\n<td>Als \u00a0 wir noch seine Feinde waren, hat Gott uns durch den Tod seines Sohnes mit \u00a0 sich selbst vers\u00f6hnt. Wie viel mehr werden wir, da wir jetzt Frieden mit Gott \u00a0 haben, am Tag des Gerichts bewahrt bleiben, nachdem ja Christus auferstanden \u00a0 ist und lebt.<\/td>\n<\/tr>\n<tr>\n<td valign=\"top\">11<\/td>\n<td>Doch \u00a0 das ist nicht der einzige Grund, Gott zu loben und ihm zu danken: Schon jetzt \u00a0 sind wir ja durch unseren Herrn Jesus Christus mit Gott vers\u00f6hnt.<\/td>\n<\/tr>\n<tr>\n<td><\/td>\n<td><\/td>\n<\/tr>\n<tr>\n<td><\/td>\n<td><b>Adam brachte den Tod &#8211; Christus bringt das Leben<\/b><\/td>\n<\/tr>\n<tr>\n<td valign=\"top\">12<\/td>\n<td>Durch \u00a0 einen einzigen Menschen ist die S\u00fcnde in die Welt gekommen und als Folge \u00a0 davon der Tod. Weil nun alle Menschen ges\u00fcndigt haben, sind sie alle dem Tod \u00a0 ausgeliefert.<\/td>\n<\/tr>\n<tr>\n<td valign=\"top\">13<\/td>\n<td>Demnach \u00a0 war die S\u00fcnde schon da, lange bevor Gott durch Mose das Gesetz gab. Aber wo \u00a0 kein Gesetz ist, kann auch keine Schuld angerechnet werden.<\/td>\n<\/tr>\n<tr>\n<td valign=\"top\">14<\/td>\n<td>Dennoch \u00a0 waren alle Menschen von Adam bis zu Mose ebenfalls dem Tod verfallen, auch \u00a0 wenn sie nicht wie Adam bewusst gegen Gottes Willen handelten. Adams Schuld \u00a0 hatte Folgen f\u00fcr alle Menschen. Insofern ist er das genaue Gegenbild zu \u00a0 Christus, der uns erl\u00f6st hat.<\/td>\n<\/tr>\n<tr>\n<td valign=\"top\">15<\/td>\n<td>Freilich \u00a0 l\u00e4sst sich die Erl\u00f6sung, die uns Christus geschenkt hat, nicht mit der S\u00fcnde \u00a0 Adams vergleichen. Denn durch die S\u00fcnde des einen wurde die gesamte \u00a0 Menschheit dem Tod ausgeliefert; durch Jesus Christus aber erfuhren wir in \u00a0 \u00fcberreichem Ma\u00df Gottes Barmherzigkeit und Liebe.<\/td>\n<\/tr>\n<tr>\n<td valign=\"top\">16<\/td>\n<td>Man \u00a0 kann also die Erl\u00f6sung durch Christus und die S\u00fcnde Adams nicht auf eine \u00a0 Stufe stellen. Gottes Urteilsspruch brachte wegen der einen S\u00fcnde Adams die \u00a0 Verdammnis; was Christus getan hat, brachte trotz unz\u00e4hliger S\u00fcnden den \u00a0 Freispruch.<\/td>\n<\/tr>\n<tr>\n<td valign=\"top\">17<\/td>\n<td>Hat \u00a0 aber der Ungehorsam eines einzigen Menschen zur Herrschaft des Todes gef\u00fchrt, \u00a0 um wie viel mehr werden dann alle, die Gottes \u00fcberreiche Barmherzigkeit und \u00a0 seine Vergebung erfahren haben, durch Jesus Christus leben und einmal mit ihm \u00a0 herrschen.<\/td>\n<\/tr>\n<tr>\n<td valign=\"top\">18<\/td>\n<td>Es \u00a0 steht also fest: Durch die S\u00fcnde\u00a0<i>eines<\/i>\u00a0Menschen sind alle Menschen in Tod \u00a0 und Verderben geraten. Aber durch die Erl\u00f6sungstat\u00a0<i>eines<\/i>\u00a0Menschen sind alle mit Gott vers\u00f6hnt \u00a0 und bekommen neues Leben.<\/td>\n<\/tr>\n<tr>\n<td valign=\"top\">19<\/td>\n<td>Oder \u00a0 anders gesagt: Durch Adams Ungehorsam wurden alle Menschen vor Gott schuldig; \u00a0 aber weil Jesus Christus gehorsam war, werden sie von Gott freigesprochen.<\/td>\n<\/tr>\n<tr>\n<td valign=\"top\">20<\/td>\n<td>Das \u00a0 Gesetz aber kam sp\u00e4ter hinzu, um die Wirkung der S\u00fcnde zu vergr\u00f6\u00dfern. Denn wo \u00a0 sich die ganze Macht der S\u00fcnde zeigte, da erwies sich auch Gottes \u00a0 Barmherzigkeit in ihrer ganzen Gr\u00f6\u00dfe.<\/td>\n<\/tr>\n<tr>\n<td valign=\"top\">21<\/td>\n<td>Wo \u00a0 bisher die S\u00fcnde \u00fcber alle Menschen herrschte und ihnen den Tod brachte, dort \u00a0 herrscht jetzt Gottes Gnade. Gott spricht uns von unserer Schuld frei und \u00a0 schenkt uns ewiges Leben durch Jesus Christus, unseren Herrn.<\/td>\n<\/tr>\n<\/tbody>\n<\/table>\n<p>Wenn es Dich Interessiert mehr zu erfahren, Fragen hast oder mir einfach schreiben m\u00f6chtest, hier ist meine Email Adresse:<\/p>\n<p><a href=\"mailto:muehli@Lion-of-Judah.eu\">webmaster@Lion-of-Judah.eu<\/a><\/p>\n<p>Sei gesegnet in Jesu Namen!<\/p>\n","protected":false},"excerpt":{"rendered":"<p>\u00c4lter werdende Frauen\u00a0und M\u00e4nner sind nicht unber\u00fchrt geblieben von den Umbr\u00fcchen unserer (post-) modernen Zeit mit ihrer Tendenz zu Pluralit\u00e4t, S\u00e4kularit\u00e4t und Individualit\u00e4t. Sie sind durch die politischen Wirrungen und kulturellen Br\u00fcche des 20. Jahrhunderts hindurch gegangen und haben gelernt, vieles, was noch in ihrer Kindheit selbstverst\u00e4ndlich zu sein schien, in Frage zu stellen. Zum [&hellip;]<\/p>\n","protected":false},"author":3,"featured_media":0,"parent":0,"menu_order":0,"comment_status":"closed","ping_status":"closed","template":"","meta":{"footnotes":""},"class_list":["post-8","page","type-page","status-publish","hentry"],"_links":{"self":[{"href":"https:\/\/senioren.lion-of-judah.net\/index.php?rest_route=\/wp\/v2\/pages\/8","targetHints":{"allow":["GET"]}}],"collection":[{"href":"https:\/\/senioren.lion-of-judah.net\/index.php?rest_route=\/wp\/v2\/pages"}],"about":[{"href":"https:\/\/senioren.lion-of-judah.net\/index.php?rest_route=\/wp\/v2\/types\/page"}],"author":[{"embeddable":true,"href":"https:\/\/senioren.lion-of-judah.net\/index.php?rest_route=\/wp\/v2\/users\/3"}],"replies":[{"embeddable":true,"href":"https:\/\/senioren.lion-of-judah.net\/index.php?rest_route=%2Fwp%2Fv2%2Fcomments&post=8"}],"version-history":[{"count":3,"href":"https:\/\/senioren.lion-of-judah.net\/index.php?rest_route=\/wp\/v2\/pages\/8\/revisions"}],"predecessor-version":[{"id":104,"href":"https:\/\/senioren.lion-of-judah.net\/index.php?rest_route=\/wp\/v2\/pages\/8\/revisions\/104"}],"wp:attachment":[{"href":"https:\/\/senioren.lion-of-judah.net\/index.php?rest_route=%2Fwp%2Fv2%2Fmedia&parent=8"}],"curies":[{"name":"wp","href":"https:\/\/api.w.org\/{rel}","templated":true}]}}